{"id":93,"date":"2026-01-05T16:36:48","date_gmt":"2026-01-05T16:36:48","guid":{"rendered":"https:\/\/www.drfazilsengul.com\/en\/?page_id=93"},"modified":"2026-01-06T15:14:36","modified_gmt":"2026-01-06T15:14:36","slug":"about-me","status":"publish","type":"page","link":"https:\/\/www.drfazilsengul.com\/en\/about-me\/","title":{"rendered":"About Me"},"content":{"rendered":"\n<p>Our clinic provides services in the field of medical aesthetics with an approach based on scientific principles, ethical values, and personalized evaluation. Our founder, <strong>Dr. Faz\u0131l Fedakar \u015eeng\u00fcl<\/strong>, is a graduate of Uluda\u011f University Faculty of Medicine and began his professional work in this field in 2005 after obtaining a <strong>Ministry of Health\u2013approved Medical Aesthetics Certification<\/strong>.<\/p>\n\n\n\n<p>Since 2006, he has participated in numerous national and international congresses, workshops, and training programs in preventive medicine, anti-aging, and medical aesthetics. He has completed both theoretical and practical training in procedures such as botulinum toxin applications, dermal fillers, mesotherapy, skin rejuvenation, and related aesthetic treatments. In 2007, he established an aesthetic training center and conducted educational activities in this field for two years, later continuing his clinical practice in hospitals and outpatient clinics.<\/p>\n\n\n\n<p>With a commitment to continuous professional development, <strong>Dr. Faz\u0131l Fedakar \u015eeng\u00fcl<\/strong> has actively taken part in joint training programs organized in collaboration with <strong>Private Jean D\u2019arcel Polyclinic<\/strong> in Istanbul, Germany, Northern Cyprus, Mersin, and Fethiye. He has continued his work as both an instructor and practitioner in hair transplantation and medical aesthetics.<\/p>\n\n\n\n<p>Today, medical aesthetic procedures at our clinic are planned following physician evaluation, while skin and body care applications are carried out by our experienced aesthetician team. Our primary goal throughout all processes is to provide a safe, personalized care experience while preserving a natural appearance.<\/p>\n\n\n\n<p>By closely following scientific advancements, we continue to prioritize an ethical and professional service approach in the field of medical aesthetics.<\/p>\n\n\n\n<figure class=\"wp-block-gallery has-nested-images columns-default is-cropped wp-block-gallery-1 is-layout-flex wp-block-gallery-is-layout-flex\">\n<figure data-wp-context=\"{&quot;imageId&quot;:&quot;69e62c66a186e&quot;}\" data-wp-interactive=\"core\/image\" data-wp-key=\"69e62c66a186e\" class=\"wp-block-image size-large wp-lightbox-container\"><img loading=\"lazy\" decoding=\"async\" width=\"1024\" height=\"698\" data-wp-class--hide=\"state.isContentHidden\" data-wp-class--show=\"state.isContentVisible\" data-wp-init=\"callbacks.setButtonStyles\" data-wp-on--click=\"actions.showLightbox\" data-wp-on--load=\"callbacks.setButtonStyles\" data-wp-on-window--resize=\"callbacks.setButtonStyles\" data-id=\"108\" src=\"https:\/\/www.drfazilsengul.com\/en\/wp-content\/uploads\/2026\/01\/1-1-1024x698.webp\" alt=\"\" class=\"wp-image-108\" srcset=\"https:\/\/www.drfazilsengul.com\/en\/wp-content\/uploads\/2026\/01\/1-1-1024x698.webp 1024w, https:\/\/www.drfazilsengul.com\/en\/wp-content\/uploads\/2026\/01\/1-1-300x205.webp 300w, https:\/\/www.drfazilsengul.com\/en\/wp-content\/uploads\/2026\/01\/1-1-768x524.webp 768w, https:\/\/www.drfazilsengul.com\/en\/wp-content\/uploads\/2026\/01\/1-1-1536x1048.webp 1536w, https:\/\/www.drfazilsengul.com\/en\/wp-content\/uploads\/2026\/01\/1-1.webp 2000w\" sizes=\"auto, (max-width: 1024px) 100vw, 1024px\" \/><button\n\t\t\tclass=\"lightbox-trigger\"\n\t\t\ttype=\"button\"\n\t\t\taria-haspopup=\"dialog\"\n\t\t\taria-label=\"B\u00fcy\u00fct\"\n\t\t\tdata-wp-init=\"callbacks.initTriggerButton\"\n\t\t\tdata-wp-on--click=\"actions.showLightbox\"\n\t\t\tdata-wp-style--right=\"state.imageButtonRight\"\n\t\t\tdata-wp-style--top=\"state.imageButtonTop\"\n\t\t>\n\t\t\t<svg xmlns=\"http:\/\/www.w3.org\/2000\/svg\" width=\"12\" height=\"12\" fill=\"none\" viewBox=\"0 0 12 12\">\n\t\t\t\t<path fill=\"#fff\" d=\"M2 0a2 2 0 0 0-2 2v2h1.5V2a.5.5 0 0 1 .5-.5h2V0H2Zm2 10.5H2a.5.5 0 0 1-.5-.5V8H0v2a2 2 0 0 0 2 2h2v-1.5ZM8 12v-1.5h2a.5.5 0 0 0 .5-.5V8H12v2a2 2 0 0 1-2 2H8Zm2-12a2 2 0 0 1 2 2v2h-1.5V2a.5.5 0 0 0-.5-.5H8V0h2Z\" \/>\n\t\t\t<\/svg>\n\t\t<\/button><\/figure>\n\n\n\n<figure data-wp-context=\"{&quot;imageId&quot;:&quot;69e62c66a1bf5&quot;}\" data-wp-interactive=\"core\/image\" data-wp-key=\"69e62c66a1bf5\" class=\"wp-block-image size-large wp-lightbox-container\"><img loading=\"lazy\" decoding=\"async\" width=\"1024\" height=\"724\" data-wp-class--hide=\"state.isContentHidden\" data-wp-class--show=\"state.isContentVisible\" data-wp-init=\"callbacks.setButtonStyles\" data-wp-on--click=\"actions.showLightbox\" data-wp-on--load=\"callbacks.setButtonStyles\" data-wp-on-window--resize=\"callbacks.setButtonStyles\" data-id=\"109\" src=\"https:\/\/www.drfazilsengul.com\/en\/wp-content\/uploads\/2026\/01\/Resim-2-1-1024x724.webp\" alt=\"\" class=\"wp-image-109\" srcset=\"https:\/\/www.drfazilsengul.com\/en\/wp-content\/uploads\/2026\/01\/Resim-2-1-1024x724.webp 1024w, https:\/\/www.drfazilsengul.com\/en\/wp-content\/uploads\/2026\/01\/Resim-2-1-300x212.webp 300w, https:\/\/www.drfazilsengul.com\/en\/wp-content\/uploads\/2026\/01\/Resim-2-1-768x543.webp 768w, https:\/\/www.drfazilsengul.com\/en\/wp-content\/uploads\/2026\/01\/Resim-2-1-1536x1086.webp 1536w, https:\/\/www.drfazilsengul.com\/en\/wp-content\/uploads\/2026\/01\/Resim-2-1.webp 2000w\" sizes=\"auto, (max-width: 1024px) 100vw, 1024px\" \/><button\n\t\t\tclass=\"lightbox-trigger\"\n\t\t\ttype=\"button\"\n\t\t\taria-haspopup=\"dialog\"\n\t\t\taria-label=\"B\u00fcy\u00fct\"\n\t\t\tdata-wp-init=\"callbacks.initTriggerButton\"\n\t\t\tdata-wp-on--click=\"actions.showLightbox\"\n\t\t\tdata-wp-style--right=\"state.imageButtonRight\"\n\t\t\tdata-wp-style--top=\"state.imageButtonTop\"\n\t\t>\n\t\t\t<svg xmlns=\"http:\/\/www.w3.org\/2000\/svg\" width=\"12\" height=\"12\" fill=\"none\" viewBox=\"0 0 12 12\">\n\t\t\t\t<path fill=\"#fff\" d=\"M2 0a2 2 0 0 0-2 2v2h1.5V2a.5.5 0 0 1 .5-.5h2V0H2Zm2 10.5H2a.5.5 0 0 1-.5-.5V8H0v2a2 2 0 0 0 2 2h2v-1.5ZM8 12v-1.5h2a.5.5 0 0 0 .5-.5V8H12v2a2 2 0 0 1-2 2H8Zm2-12a2 2 0 0 1 2 2v2h-1.5V2a.5.5 0 0 0-.5-.5H8V0h2Z\" \/>\n\t\t\t<\/svg>\n\t\t<\/button><\/figure>\n\n\n\n<figure data-wp-context=\"{&quot;imageId&quot;:&quot;69e62c66a1efe&quot;}\" data-wp-interactive=\"core\/image\" data-wp-key=\"69e62c66a1efe\" class=\"wp-block-image size-large wp-lightbox-container\"><img loading=\"lazy\" decoding=\"async\" width=\"1024\" height=\"724\" data-wp-class--hide=\"state.isContentHidden\" data-wp-class--show=\"state.isContentVisible\" data-wp-init=\"callbacks.setButtonStyles\" data-wp-on--click=\"actions.showLightbox\" data-wp-on--load=\"callbacks.setButtonStyles\" data-wp-on-window--resize=\"callbacks.setButtonStyles\" data-id=\"110\" src=\"https:\/\/www.drfazilsengul.com\/en\/wp-content\/uploads\/2026\/01\/Resim-3-1024x724.webp\" alt=\"\" class=\"wp-image-110\" srcset=\"https:\/\/www.drfazilsengul.com\/en\/wp-content\/uploads\/2026\/01\/Resim-3-1024x724.webp 1024w, https:\/\/www.drfazilsengul.com\/en\/wp-content\/uploads\/2026\/01\/Resim-3-300x212.webp 300w, https:\/\/www.drfazilsengul.com\/en\/wp-content\/uploads\/2026\/01\/Resim-3-768x543.webp 768w, https:\/\/www.drfazilsengul.com\/en\/wp-content\/uploads\/2026\/01\/Resim-3-1536x1086.webp 1536w, https:\/\/www.drfazilsengul.com\/en\/wp-content\/uploads\/2026\/01\/Resim-3.webp 2000w\" sizes=\"auto, (max-width: 1024px) 100vw, 1024px\" \/><button\n\t\t\tclass=\"lightbox-trigger\"\n\t\t\ttype=\"button\"\n\t\t\taria-haspopup=\"dialog\"\n\t\t\taria-label=\"B\u00fcy\u00fct\"\n\t\t\tdata-wp-init=\"callbacks.initTriggerButton\"\n\t\t\tdata-wp-on--click=\"actions.showLightbox\"\n\t\t\tdata-wp-style--right=\"state.imageButtonRight\"\n\t\t\tdata-wp-style--top=\"state.imageButtonTop\"\n\t\t>\n\t\t\t<svg xmlns=\"http:\/\/www.w3.org\/2000\/svg\" width=\"12\" height=\"12\" fill=\"none\" viewBox=\"0 0 12 12\">\n\t\t\t\t<path fill=\"#fff\" d=\"M2 0a2 2 0 0 0-2 2v2h1.5V2a.5.5 0 0 1 .5-.5h2V0H2Zm2 10.5H2a.5.5 0 0 1-.5-.5V8H0v2a2 2 0 0 0 2 2h2v-1.5ZM8 12v-1.5h2a.5.5 0 0 0 .5-.5V8H12v2a2 2 0 0 1-2 2H8Zm2-12a2 2 0 0 1 2 2v2h-1.5V2a.5.5 0 0 0-.5-.5H8V0h2Z\" \/>\n\t\t\t<\/svg>\n\t\t<\/button><\/figure>\n\n\n\n<figure data-wp-context=\"{&quot;imageId&quot;:&quot;69e62c66a218b&quot;}\" data-wp-interactive=\"core\/image\" data-wp-key=\"69e62c66a218b\" class=\"wp-block-image size-large wp-lightbox-container\"><img loading=\"lazy\" decoding=\"async\" width=\"1024\" height=\"724\" data-wp-class--hide=\"state.isContentHidden\" data-wp-class--show=\"state.isContentVisible\" data-wp-init=\"callbacks.setButtonStyles\" data-wp-on--click=\"actions.showLightbox\" data-wp-on--load=\"callbacks.setButtonStyles\" data-wp-on-window--resize=\"callbacks.setButtonStyles\" data-id=\"105\" src=\"https:\/\/www.drfazilsengul.com\/en\/wp-content\/uploads\/2026\/01\/Resim-4-1024x724.webp\" alt=\"\" class=\"wp-image-105\" srcset=\"https:\/\/www.drfazilsengul.com\/en\/wp-content\/uploads\/2026\/01\/Resim-4-1024x724.webp 1024w, https:\/\/www.drfazilsengul.com\/en\/wp-content\/uploads\/2026\/01\/Resim-4-300x212.webp 300w, https:\/\/www.drfazilsengul.com\/en\/wp-content\/uploads\/2026\/01\/Resim-4-768x543.webp 768w, https:\/\/www.drfazilsengul.com\/en\/wp-content\/uploads\/2026\/01\/Resim-4-1536x1086.webp 1536w, https:\/\/www.drfazilsengul.com\/en\/wp-content\/uploads\/2026\/01\/Resim-4.webp 2000w\" sizes=\"auto, (max-width: 1024px) 100vw, 1024px\" \/><button\n\t\t\tclass=\"lightbox-trigger\"\n\t\t\ttype=\"button\"\n\t\t\taria-haspopup=\"dialog\"\n\t\t\taria-label=\"B\u00fcy\u00fct\"\n\t\t\tdata-wp-init=\"callbacks.initTriggerButton\"\n\t\t\tdata-wp-on--click=\"actions.showLightbox\"\n\t\t\tdata-wp-style--right=\"state.imageButtonRight\"\n\t\t\tdata-wp-style--top=\"state.imageButtonTop\"\n\t\t>\n\t\t\t<svg xmlns=\"http:\/\/www.w3.org\/2000\/svg\" width=\"12\" height=\"12\" fill=\"none\" viewBox=\"0 0 12 12\">\n\t\t\t\t<path fill=\"#fff\" d=\"M2 0a2 2 0 0 0-2 2v2h1.5V2a.5.5 0 0 1 .5-.5h2V0H2Zm2 10.5H2a.5.5 0 0 1-.5-.5V8H0v2a2 2 0 0 0 2 2h2v-1.5ZM8 12v-1.5h2a.5.5 0 0 0 .5-.5V8H12v2a2 2 0 0 1-2 2H8Zm2-12a2 2 0 0 1 2 2v2h-1.5V2a.5.5 0 0 0-.5-.5H8V0h2Z\" \/>\n\t\t\t<\/svg>\n\t\t<\/button><\/figure>\n\n\n\n<figure data-wp-context=\"{&quot;imageId&quot;:&quot;69e62c66a25bb&quot;}\" data-wp-interactive=\"core\/image\" data-wp-key=\"69e62c66a25bb\" class=\"wp-block-image size-large wp-lightbox-container\"><img loading=\"lazy\" decoding=\"async\" width=\"1024\" height=\"904\" data-wp-class--hide=\"state.isContentHidden\" data-wp-class--show=\"state.isContentVisible\" data-wp-init=\"callbacks.setButtonStyles\" data-wp-on--click=\"actions.showLightbox\" data-wp-on--load=\"callbacks.setButtonStyles\" data-wp-on-window--resize=\"callbacks.setButtonStyles\" data-id=\"112\" src=\"https:\/\/www.drfazilsengul.com\/en\/wp-content\/uploads\/2026\/01\/Resim-6-1024x904.jpg\" alt=\"\" class=\"wp-image-112\" srcset=\"https:\/\/www.drfazilsengul.com\/en\/wp-content\/uploads\/2026\/01\/Resim-6-1024x904.jpg 1024w, https:\/\/www.drfazilsengul.com\/en\/wp-content\/uploads\/2026\/01\/Resim-6-300x265.jpg 300w, https:\/\/www.drfazilsengul.com\/en\/wp-content\/uploads\/2026\/01\/Resim-6-768x678.jpg 768w, https:\/\/www.drfazilsengul.com\/en\/wp-content\/uploads\/2026\/01\/Resim-6-1536x1356.jpg 1536w, https:\/\/www.drfazilsengul.com\/en\/wp-content\/uploads\/2026\/01\/Resim-6.jpg 1805w\" sizes=\"auto, (max-width: 1024px) 100vw, 1024px\" \/><button\n\t\t\tclass=\"lightbox-trigger\"\n\t\t\ttype=\"button\"\n\t\t\taria-haspopup=\"dialog\"\n\t\t\taria-label=\"B\u00fcy\u00fct\"\n\t\t\tdata-wp-init=\"callbacks.initTriggerButton\"\n\t\t\tdata-wp-on--click=\"actions.showLightbox\"\n\t\t\tdata-wp-style--right=\"state.imageButtonRight\"\n\t\t\tdata-wp-style--top=\"state.imageButtonTop\"\n\t\t>\n\t\t\t<svg xmlns=\"http:\/\/www.w3.org\/2000\/svg\" width=\"12\" height=\"12\" fill=\"none\" viewBox=\"0 0 12 12\">\n\t\t\t\t<path fill=\"#fff\" d=\"M2 0a2 2 0 0 0-2 2v2h1.5V2a.5.5 0 0 1 .5-.5h2V0H2Zm2 10.5H2a.5.5 0 0 1-.5-.5V8H0v2a2 2 0 0 0 2 2h2v-1.5ZM8 12v-1.5h2a.5.5 0 0 0 .5-.5V8H12v2a2 2 0 0 1-2 2H8Zm2-12a2 2 0 0 1 2 2v2h-1.5V2a.5.5 0 0 0-.5-.5H8V0h2Z\" \/>\n\t\t\t<\/svg>\n\t\t<\/button><\/figure>\n\n\n\n<figure data-wp-context=\"{&quot;imageId&quot;:&quot;69e62c66a2929&quot;}\" data-wp-interactive=\"core\/image\" data-wp-key=\"69e62c66a2929\" class=\"wp-block-image size-large wp-lightbox-container\"><img loading=\"lazy\" decoding=\"async\" width=\"1024\" height=\"592\" data-wp-class--hide=\"state.isContentHidden\" data-wp-class--show=\"state.isContentVisible\" data-wp-init=\"callbacks.setButtonStyles\" data-wp-on--click=\"actions.showLightbox\" data-wp-on--load=\"callbacks.setButtonStyles\" data-wp-on-window--resize=\"callbacks.setButtonStyles\" data-id=\"111\" src=\"https:\/\/www.drfazilsengul.com\/en\/wp-content\/uploads\/2026\/01\/Resim-7-1024x592.jpg\" alt=\"\" class=\"wp-image-111\" srcset=\"https:\/\/www.drfazilsengul.com\/en\/wp-content\/uploads\/2026\/01\/Resim-7-1024x592.jpg 1024w, https:\/\/www.drfazilsengul.com\/en\/wp-content\/uploads\/2026\/01\/Resim-7-300x173.jpg 300w, https:\/\/www.drfazilsengul.com\/en\/wp-content\/uploads\/2026\/01\/Resim-7-768x444.jpg 768w, https:\/\/www.drfazilsengul.com\/en\/wp-content\/uploads\/2026\/01\/Resim-7-1536x888.jpg 1536w, https:\/\/www.drfazilsengul.com\/en\/wp-content\/uploads\/2026\/01\/Resim-7.jpg 2021w\" sizes=\"auto, (max-width: 1024px) 100vw, 1024px\" \/><button\n\t\t\tclass=\"lightbox-trigger\"\n\t\t\ttype=\"button\"\n\t\t\taria-haspopup=\"dialog\"\n\t\t\taria-label=\"B\u00fcy\u00fct\"\n\t\t\tdata-wp-init=\"callbacks.initTriggerButton\"\n\t\t\tdata-wp-on--click=\"actions.showLightbox\"\n\t\t\tdata-wp-style--right=\"state.imageButtonRight\"\n\t\t\tdata-wp-style--top=\"state.imageButtonTop\"\n\t\t>\n\t\t\t<svg xmlns=\"http:\/\/www.w3.org\/2000\/svg\" width=\"12\" height=\"12\" fill=\"none\" viewBox=\"0 0 12 12\">\n\t\t\t\t<path fill=\"#fff\" d=\"M2 0a2 2 0 0 0-2 2v2h1.5V2a.5.5 0 0 1 .5-.5h2V0H2Zm2 10.5H2a.5.5 0 0 1-.5-.5V8H0v2a2 2 0 0 0 2 2h2v-1.5ZM8 12v-1.5h2a.5.5 0 0 0 .5-.5V8H12v2a2 2 0 0 1-2 2H8Zm2-12a2 2 0 0 1 2 2v2h-1.5V2a.5.5 0 0 0-.5-.5H8V0h2Z\" \/>\n\t\t\t<\/svg>\n\t\t<\/button><\/figure>\n\n\n\n<figure data-wp-context=\"{&quot;imageId&quot;:&quot;69e62c66acf81&quot;}\" data-wp-interactive=\"core\/image\" data-wp-key=\"69e62c66acf81\" class=\"wp-block-image size-large wp-lightbox-container\"><img loading=\"lazy\" decoding=\"async\" width=\"1024\" height=\"724\" data-wp-class--hide=\"state.isContentHidden\" data-wp-class--show=\"state.isContentVisible\" data-wp-init=\"callbacks.setButtonStyles\" data-wp-on--click=\"actions.showLightbox\" data-wp-on--load=\"callbacks.setButtonStyles\" data-wp-on-window--resize=\"callbacks.setButtonStyles\" data-id=\"104\" src=\"https:\/\/www.drfazilsengul.com\/en\/wp-content\/uploads\/2026\/01\/Resim-8-1024x724.webp\" alt=\"\" class=\"wp-image-104\" srcset=\"https:\/\/www.drfazilsengul.com\/en\/wp-content\/uploads\/2026\/01\/Resim-8-1024x724.webp 1024w, https:\/\/www.drfazilsengul.com\/en\/wp-content\/uploads\/2026\/01\/Resim-8-300x212.webp 300w, https:\/\/www.drfazilsengul.com\/en\/wp-content\/uploads\/2026\/01\/Resim-8-768x543.webp 768w, https:\/\/www.drfazilsengul.com\/en\/wp-content\/uploads\/2026\/01\/Resim-8-1536x1086.webp 1536w, https:\/\/www.drfazilsengul.com\/en\/wp-content\/uploads\/2026\/01\/Resim-8.webp 2000w\" sizes=\"auto, (max-width: 1024px) 100vw, 1024px\" \/><button\n\t\t\tclass=\"lightbox-trigger\"\n\t\t\ttype=\"button\"\n\t\t\taria-haspopup=\"dialog\"\n\t\t\taria-label=\"B\u00fcy\u00fct\"\n\t\t\tdata-wp-init=\"callbacks.initTriggerButton\"\n\t\t\tdata-wp-on--click=\"actions.showLightbox\"\n\t\t\tdata-wp-style--right=\"state.imageButtonRight\"\n\t\t\tdata-wp-style--top=\"state.imageButtonTop\"\n\t\t>\n\t\t\t<svg xmlns=\"http:\/\/www.w3.org\/2000\/svg\" width=\"12\" height=\"12\" fill=\"none\" viewBox=\"0 0 12 12\">\n\t\t\t\t<path fill=\"#fff\" d=\"M2 0a2 2 0 0 0-2 2v2h1.5V2a.5.5 0 0 1 .5-.5h2V0H2Zm2 10.5H2a.5.5 0 0 1-.5-.5V8H0v2a2 2 0 0 0 2 2h2v-1.5ZM8 12v-1.5h2a.5.5 0 0 0 .5-.5V8H12v2a2 2 0 0 1-2 2H8Zm2-12a2 2 0 0 1 2 2v2h-1.5V2a.5.5 0 0 0-.5-.5H8V0h2Z\" \/>\n\t\t\t<\/svg>\n\t\t<\/button><\/figure>\n\n\n\n<figure data-wp-context=\"{&quot;imageId&quot;:&quot;69e62c66ad4b9&quot;}\" data-wp-interactive=\"core\/image\" data-wp-key=\"69e62c66ad4b9\" class=\"wp-block-image size-large wp-lightbox-container\"><img loading=\"lazy\" decoding=\"async\" width=\"1024\" height=\"724\" data-wp-class--hide=\"state.isContentHidden\" data-wp-class--show=\"state.isContentVisible\" data-wp-init=\"callbacks.setButtonStyles\" data-wp-on--click=\"actions.showLightbox\" data-wp-on--load=\"callbacks.setButtonStyles\" data-wp-on-window--resize=\"callbacks.setButtonStyles\" data-id=\"106\" src=\"https:\/\/www.drfazilsengul.com\/en\/wp-content\/uploads\/2026\/01\/Resim-9-1024x724.webp\" alt=\"\" class=\"wp-image-106\" srcset=\"https:\/\/www.drfazilsengul.com\/en\/wp-content\/uploads\/2026\/01\/Resim-9-1024x724.webp 1024w, https:\/\/www.drfazilsengul.com\/en\/wp-content\/uploads\/2026\/01\/Resim-9-300x212.webp 300w, https:\/\/www.drfazilsengul.com\/en\/wp-content\/uploads\/2026\/01\/Resim-9-768x543.webp 768w, https:\/\/www.drfazilsengul.com\/en\/wp-content\/uploads\/2026\/01\/Resim-9-1536x1086.webp 1536w, https:\/\/www.drfazilsengul.com\/en\/wp-content\/uploads\/2026\/01\/Resim-9.webp 2000w\" sizes=\"auto, (max-width: 1024px) 100vw, 1024px\" \/><button\n\t\t\tclass=\"lightbox-trigger\"\n\t\t\ttype=\"button\"\n\t\t\taria-haspopup=\"dialog\"\n\t\t\taria-label=\"B\u00fcy\u00fct\"\n\t\t\tdata-wp-init=\"callbacks.initTriggerButton\"\n\t\t\tdata-wp-on--click=\"actions.showLightbox\"\n\t\t\tdata-wp-style--right=\"state.imageButtonRight\"\n\t\t\tdata-wp-style--top=\"state.imageButtonTop\"\n\t\t>\n\t\t\t<svg xmlns=\"http:\/\/www.w3.org\/2000\/svg\" width=\"12\" height=\"12\" fill=\"none\" viewBox=\"0 0 12 12\">\n\t\t\t\t<path fill=\"#fff\" d=\"M2 0a2 2 0 0 0-2 2v2h1.5V2a.5.5 0 0 1 .5-.5h2V0H2Zm2 10.5H2a.5.5 0 0 1-.5-.5V8H0v2a2 2 0 0 0 2 2h2v-1.5ZM8 12v-1.5h2a.5.5 0 0 0 .5-.5V8H12v2a2 2 0 0 1-2 2H8Zm2-12a2 2 0 0 1 2 2v2h-1.5V2a.5.5 0 0 0-.5-.5H8V0h2Z\" \/>\n\t\t\t<\/svg>\n\t\t<\/button><\/figure>\n\n\n\n<figure data-wp-context=\"{&quot;imageId&quot;:&quot;69e62c66ad82b&quot;}\" data-wp-interactive=\"core\/image\" data-wp-key=\"69e62c66ad82b\" class=\"wp-block-image size-large wp-lightbox-container\"><img loading=\"lazy\" decoding=\"async\" width=\"1024\" height=\"724\" data-wp-class--hide=\"state.isContentHidden\" data-wp-class--show=\"state.isContentVisible\" data-wp-init=\"callbacks.setButtonStyles\" data-wp-on--click=\"actions.showLightbox\" data-wp-on--load=\"callbacks.setButtonStyles\" data-wp-on-window--resize=\"callbacks.setButtonStyles\" data-id=\"107\" src=\"https:\/\/www.drfazilsengul.com\/en\/wp-content\/uploads\/2026\/01\/Resim-10-1024x724.webp\" alt=\"\" class=\"wp-image-107\" srcset=\"https:\/\/www.drfazilsengul.com\/en\/wp-content\/uploads\/2026\/01\/Resim-10-1024x724.webp 1024w, https:\/\/www.drfazilsengul.com\/en\/wp-content\/uploads\/2026\/01\/Resim-10-300x212.webp 300w, https:\/\/www.drfazilsengul.com\/en\/wp-content\/uploads\/2026\/01\/Resim-10-768x543.webp 768w, https:\/\/www.drfazilsengul.com\/en\/wp-content\/uploads\/2026\/01\/Resim-10-1536x1086.webp 1536w, https:\/\/www.drfazilsengul.com\/en\/wp-content\/uploads\/2026\/01\/Resim-10.webp 2000w\" sizes=\"auto, (max-width: 1024px) 100vw, 1024px\" \/><button\n\t\t\tclass=\"lightbox-trigger\"\n\t\t\ttype=\"button\"\n\t\t\taria-haspopup=\"dialog\"\n\t\t\taria-label=\"B\u00fcy\u00fct\"\n\t\t\tdata-wp-init=\"callbacks.initTriggerButton\"\n\t\t\tdata-wp-on--click=\"actions.showLightbox\"\n\t\t\tdata-wp-style--right=\"state.imageButtonRight\"\n\t\t\tdata-wp-style--top=\"state.imageButtonTop\"\n\t\t>\n\t\t\t<svg xmlns=\"http:\/\/www.w3.org\/2000\/svg\" width=\"12\" height=\"12\" fill=\"none\" viewBox=\"0 0 12 12\">\n\t\t\t\t<path fill=\"#fff\" d=\"M2 0a2 2 0 0 0-2 2v2h1.5V2a.5.5 0 0 1 .5-.5h2V0H2Zm2 10.5H2a.5.5 0 0 1-.5-.5V8H0v2a2 2 0 0 0 2 2h2v-1.5ZM8 12v-1.5h2a.5.5 0 0 0 .5-.5V8H12v2a2 2 0 0 1-2 2H8Zm2-12a2 2 0 0 1 2 2v2h-1.5V2a.5.5 0 0 0-.5-.5H8V0h2Z\" \/>\n\t\t\t<\/svg>\n\t\t<\/button><\/figure>\n<\/figure>\n","protected":false},"excerpt":{"rendered":"<p>Our clinic provides services in the field of medical aesthetics with an approach based on scientific principles, ethical values, and personalized evaluation. Our founder, Dr. Faz\u0131l Fedakar \u015eeng\u00fcl, is a graduate of Uluda\u011f University Faculty of Medicine and began his professional work in this field in 2005 after obtaining a Ministry of Health\u2013approved Medical Aesthetics [&hellip;]<\/p>\n","protected":false},"author":1,"featured_media":0,"parent":0,"menu_order":0,"comment_status":"closed","ping_status":"closed","template":"","meta":{"_monsterinsights_skip_tracking":false,"_monsterinsights_sitenote_active":false,"_monsterinsights_sitenote_note":"","_monsterinsights_sitenote_category":0,"fiyat":"","metin":"","footnotes":""},"class_list":["post-93","page","type-page","status-publish","hentry"],"aioseo_notices":[],"_links":{"self":[{"href":"https:\/\/www.drfazilsengul.com\/en\/wp-json\/wp\/v2\/pages\/93","targetHints":{"allow":["GET"]}}],"collection":[{"href":"https:\/\/www.drfazilsengul.com\/en\/wp-json\/wp\/v2\/pages"}],"about":[{"href":"https:\/\/www.drfazilsengul.com\/en\/wp-json\/wp\/v2\/types\/page"}],"author":[{"embeddable":true,"href":"https:\/\/www.drfazilsengul.com\/en\/wp-json\/wp\/v2\/users\/1"}],"replies":[{"embeddable":true,"href":"https:\/\/www.drfazilsengul.com\/en\/wp-json\/wp\/v2\/comments?post=93"}],"version-history":[{"count":2,"href":"https:\/\/www.drfazilsengul.com\/en\/wp-json\/wp\/v2\/pages\/93\/revisions"}],"predecessor-version":[{"id":114,"href":"https:\/\/www.drfazilsengul.com\/en\/wp-json\/wp\/v2\/pages\/93\/revisions\/114"}],"wp:attachment":[{"href":"https:\/\/www.drfazilsengul.com\/en\/wp-json\/wp\/v2\/media?parent=93"}],"curies":[{"name":"wp","href":"https:\/\/api.w.org\/{rel}","templated":true}]}}