{"id":31,"date":"2026-01-05T14:11:19","date_gmt":"2026-01-05T14:11:19","guid":{"rendered":"https:\/\/www.drfazilsengul.com\/en\/ana-sayfa\/"},"modified":"2026-01-05T14:11:33","modified_gmt":"2026-01-05T14:11:33","slug":"ana-sayfa","status":"publish","type":"page","link":"https:\/\/www.drfazilsengul.com\/en\/","title":{"rendered":"Ana Sayfa"},"content":{"rendered":"\n<div class=\"wp-block-group alignfull is-style-ext-preset--group--natural-1--section has-background-background-color has-background has-global-padding is-layout-constrained wp-block-group-is-layout-constrained\" style=\"margin-top:0;margin-bottom:0;padding-top:var(--wp--preset--spacing--50);padding-bottom:var(--wp--preset--spacing--70)\">\n<div class=\"wp-block-columns alignwide are-vertically-aligned-center is-layout-flex wp-container-core-columns-is-layout-174606dc wp-block-columns-is-layout-flex\">\n<div class=\"wp-block-column is-vertically-aligned-center is-layout-flow wp-block-column-is-layout-flow\">\n<div class=\"wp-block-group alignwide is-vertical is-layout-flex wp-container-core-group-is-layout-c35747d5 wp-block-group-is-layout-flex\">\n<div class=\"wp-block-group has-global-padding is-layout-constrained wp-container-core-group-is-layout-dd32767c wp-block-group-is-layout-constrained\">\n<h1 class=\"wp-block-heading\">Bilimsel Yakla\u015f\u0131mla Do\u011fal Estetik<\/h1>\n\n\n\n<p>Dr. Faz\u0131l \u015eENG\u00dcL, t\u0131bbi estetikte ki\u015fiye \u00f6zel \u00e7\u00f6z\u00fcmler sunar. Do\u011fal sonu\u00e7lar ve bilimsel y\u00f6ntemlerle, g\u00fcvenilir ve etkili tedavilerle fark yarat\u0131r.<\/p>\n<\/div>\n\n\n\n<div class=\"wp-block-buttons is-layout-flex wp-block-buttons-is-layout-flex\">\n<div class=\"wp-block-button is-style-ext-preset--button--natural-1--button-1\"><a class=\"wp-block-button__link wp-element-button\" href=\"https:\/\/www.drfazilsengul.com\/en\/\">Detaylar\u0131 \u0130ncele<\/a><\/div>\n<\/div>\n<\/div>\n<\/div>\n\n\n\n<div class=\"wp-block-column is-vertically-aligned-center is-layout-flow wp-block-column-is-layout-flow\">\n<figure class=\"wp-block-image is-style-ext-preset--image--natural-1--image-1--content-left extendify-image-import\"><img data-safirlazy=\"true\" src=https:\/\/www.drfazilsengul.com\/en\/wp-content\/themes\/neo\/assets\/images\/noimage.svg data-src=\"https:\/\/images.unsplash.com\/photo-1671824269494-5844fb7f482b?fit=crop&amp;crop=entropy%2Cfaces&amp;auto=format%2Ccompress&amp;w=1280\" alt=\"\" style=\"aspect-ratio:1;object-fit:cover\"\/><\/figure>\n<\/div>\n<\/div>\n<\/div>\n\n<div class=\"wp-block-group alignfull is-style-ext-preset--group--natural-1--section has-tertiary-background-color has-background has-global-padding is-layout-constrained wp-block-group-is-layout-constrained\" id=\"hakkimizda\" style=\"margin-top:0;margin-bottom:0;padding-top:var(--wp--preset--spacing--70);padding-bottom:var(--wp--preset--spacing--70)\">\n<div class=\"wp-block-columns alignwide are-vertically-aligned-center is-layout-flex wp-container-core-columns-is-layout-174606dc wp-block-columns-is-layout-flex\">\n<div class=\"wp-block-column is-vertically-aligned-center is-layout-flow wp-block-column-is-layout-flow\">\n<div class=\"wp-block-group alignwide is-vertical is-layout-flex wp-container-core-group-is-layout-c35747d5 wp-block-group-is-layout-flex\">\n<div class=\"wp-block-group has-global-padding is-layout-constrained wp-container-core-group-is-layout-dd32767c wp-block-group-is-layout-constrained\">\n<h2 class=\"wp-block-heading\">T\u0131bbi estetikte ki\u015fiye \u00f6zel \u00e7\u00f6z\u00fcmler<\/h2>\n\n\n\n<p>Dr. Faz\u0131l \u015eENG\u00dcL, bilimsel ve do\u011fal sonu\u00e7 odakl\u0131 estetik hizmetlerle, her hastan\u0131n ihtiya\u00e7lar\u0131na \u00f6zel \u00e7\u00f6z\u00fcmler sunmay\u0131 ama\u00e7lar. Hedefimiz, sa\u011fl\u0131kl\u0131 ve estetik g\u00f6r\u00fcn\u00fcm\u00fc bir arada sunmakt\u0131r.<\/p>\n<\/div>\n<\/div>\n<\/div>\n\n\n\n<div class=\"wp-block-column is-vertically-aligned-center is-layout-flow wp-block-column-is-layout-flow\">\n<figure class=\"wp-block-image is-style-ext-preset--image--natural-1--image-1--content-left extendify-image-import\"><img data-safirlazy=\"true\" src=https:\/\/www.drfazilsengul.com\/en\/wp-content\/themes\/neo\/assets\/images\/noimage.svg data-src=\"https:\/\/images.unsplash.com\/photo-1760960067586-3999b9aae844?ixid=M3w0MzUxNjF8MHwxfHNlYXJjaHwyfHxzY2llbnRpZmljJTIwYXBwcm9hY2h8ZW58MHx8fHwxNzY3NTQ5NzU1fDA&amp;ixlib=rb-4.1.0&amp;orientation=square?fit=crop&amp;crop=entropy%2Cfaces&amp;auto=format%2Ccompress&amp;w=1280\" alt=\"\" style=\"aspect-ratio:1;object-fit:cover\"\/><\/figure>\n<\/div>\n<\/div>\n<\/div>\n\n<div class=\"wp-block-group alignfull is-style-ext-preset--group--natural-1--section has-background-background-color has-background has-global-padding is-layout-constrained wp-container-core-group-is-layout-f72f1611 wp-block-group-is-layout-constrained\" id=\"hizmetler\" style=\"margin-top:0;margin-bottom:0;padding-top:var(--wp--preset--spacing--70);padding-bottom:var(--wp--preset--spacing--70)\">\n<div class=\"wp-block-group alignwide is-vertical is-layout-flex wp-container-core-group-is-layout-c35747d5 wp-block-group-is-layout-flex\">\n<div class=\"wp-block-group has-global-padding is-layout-constrained wp-container-core-group-is-layout-5e05634a wp-block-group-is-layout-constrained\">\n<h2 class=\"wp-block-heading\">Bilimsel Yakla\u015f\u0131mla Estetik ve Do\u011fall\u0131k<\/h2>\n\n\n\n<p class=\"has-text-align-left\">Dr. Faz\u0131l \u015eENG\u00dcL olarak, ki\u015fiye \u00f6zel ve do\u011fal sonu\u00e7lar sunan estetik \u00e7\u00f6z\u00fcmlerimizle sa\u011fl\u0131\u011f\u0131n\u0131z\u0131 \u00f6n planda tutuyoruz.<\/p>\n<\/div>\n<\/div>\n\n\n\n<div class=\"wp-block-columns alignwide is-layout-flex wp-container-core-columns-is-layout-08c01c1c wp-block-columns-is-layout-flex\">\n<div class=\"wp-block-column is-vertically-aligned-stretch is-layout-flow wp-container-core-column-is-layout-f5bb311e wp-block-column-is-layout-flow\">\n<div class=\"wp-block-group is-style-ext-preset--group--natural-1--item-card-1--align-start has-global-padding is-layout-constrained wp-block-group-is-layout-constrained\">\n<div class=\"wp-block-group is-style-default has-global-padding is-layout-constrained wp-block-group-is-layout-constrained\">\n<figure class=\"wp-block-image size-large ext-aspect-landscape extendify-image-import wp-duotone-varpresetduotoneprimary-foreground-1\"><img data-safirlazy=\"true\" src=https:\/\/www.drfazilsengul.com\/en\/wp-content\/themes\/neo\/assets\/images\/noimage.svg data-src=\"data:image\/svg+xml;base64,PHN2ZyB4bWxucz0iaHR0cDovL3d3dy53My5vcmcvMjAwMC9zdmciIHdpZHRoPSI0OCIgaGVpZ2h0PSI0OCIgZmlsbD0iIzAwMDAwMCIgdmlld0JveD0iMCAwIDI1NiAyNTYiPjxwYXRoIGQ9Ik0xNzIsNzZhNDQsNDQsMCwxLDAtNDQsNDRBNDQuMDUsNDQuMDUsMCwwLDAsMTcyLDc2Wm0tNDQsMjhhMjgsMjgsMCwxLDEsMjgtMjhBMjgsMjgsMCwwLDEsMTI4LDEwNFptNjAsMjRhNDQsNDQsMCwxLDAsNDQsNDRBNDQuMDUsNDQuMDUsMCwwLDAsMTg4LDEyOFptMCw3MmEyOCwyOCwwLDEsMSwyOC0yOEEyOCwyOCwwLDAsMSwxODgsMjAwWk02OCwxMjhhNDQsNDQsMCwxLDAsNDQsNDRBNDQuMDUsNDQuMDUsMCwwLDAsNjgsMTI4Wm0wLDcyYTI4LDI4LDAsMSwxLDI4LTI4QTI4LDI4LDAsMCwxLDY4LDIwMFoiPjwvcGF0aD48L3N2Zz4=\" alt=\"\" style=\"object-fit:cover\"\/><\/figure>\n\n\n\n<h3 class=\"wp-block-heading\">Ki\u015fiye \u00d6zel Cilt Yenileme<\/h3>\n\n\n\n<p>Cilt yap\u0131n\u0131za uygun, bilimsel y\u00f6ntemlerle do\u011fal ve etkili sonu\u00e7lar elde edebilirsiniz.<\/p>\n<\/div>\n<\/div>\n<\/div>\n\n\n\n<div class=\"wp-block-column is-vertically-aligned-stretch is-layout-flow wp-container-core-column-is-layout-f5bb311e wp-block-column-is-layout-flow\">\n<div class=\"wp-block-group is-style-ext-preset--group--natural-1--item-card-1--align-start has-global-padding is-layout-constrained wp-block-group-is-layout-constrained\">\n<div class=\"wp-block-group is-style-default has-global-padding is-layout-constrained wp-block-group-is-layout-constrained\">\n<figure class=\"wp-block-image size-large ext-aspect-landscape extendify-image-import wp-duotone-varpresetduotoneprimary-foreground-2\"><img data-safirlazy=\"true\" src=https:\/\/www.drfazilsengul.com\/en\/wp-content\/themes\/neo\/assets\/images\/noimage.svg data-src=\"data:image\/svg+xml;base64,PHN2ZyB4bWxucz0iaHR0cDovL3d3dy53My5vcmcvMjAwMC9zdmciIHdpZHRoPSI0OCIgaGVpZ2h0PSI0OCIgZmlsbD0iIzAwMDAwMCIgdmlld0JveD0iMCAwIDI1NiAyNTYiPjxwYXRoIGQ9Ik04MCw0MGE0MCw0MCwwLDEsMCw0MCw0MEE0MCw0MCwwLDAsMCw4MCw0MFptMCw2NGEyNCwyNCwwLDEsMSwyNC0yNEEyNCwyNCwwLDAsMSw4MCwxMDRabTk2LDE2YTQwLDQwLDAsMSwwLTQwLTQwQTQwLDQwLDAsMCwwLDE3NiwxMjBabTAtNjRhMjQsMjQsMCwxLDEtMjQsMjRBMjQsMjQsMCwwLDEsMTc2LDU2Wk04MCwxMzZhNDAsNDAsMCwxLDAsNDAsNDBBNDAsNDAsMCwwLDAsODAsMTM2Wm0wLDY0YTI0LDI0LDAsMSwxLDI0LTI0QTI0LDI0LDAsMCwxLDgwLDIwMFptOTYtNjRhNDAsNDAsMCwxLDAsNDAsNDBBNDAsNDAsMCwwLDAsMTc2LDEzNlptMCw2NGEyNCwyNCwwLDEsMSwyNC0yNEEyNCwyNCwwLDAsMSwxNzYsMjAwWiI+PC9wYXRoPjwvc3ZnPg==\" alt=\"\" style=\"object-fit:cover\"\/><\/figure>\n\n\n\n<h3 class=\"wp-block-heading\">Medikal Y\u00fcz Esteti\u011fi<\/h3>\n\n\n\n<p>Y\u00fcz hatlar\u0131n\u0131z\u0131 belirginle\u015ftiren, g\u00fcvenilir ve kal\u0131c\u0131 estetik uygulamalar sunuyoruz.<\/p>\n<\/div>\n<\/div>\n<\/div>\n\n\n\n<div class=\"wp-block-column is-vertically-aligned-stretch is-layout-flow wp-container-core-column-is-layout-f5bb311e wp-block-column-is-layout-flow\">\n<div class=\"wp-block-group is-style-ext-preset--group--natural-1--item-card-1--align-start has-global-padding is-layout-constrained wp-block-group-is-layout-constrained\">\n<div class=\"wp-block-group is-style-default has-global-padding is-layout-constrained wp-block-group-is-layout-constrained\">\n<figure class=\"wp-block-image size-large ext-aspect-landscape extendify-image-import wp-duotone-varpresetduotoneprimary-foreground-3\"><img data-safirlazy=\"true\" src=https:\/\/www.drfazilsengul.com\/en\/wp-content\/themes\/neo\/assets\/images\/noimage.svg data-src=\"data:image\/svg+xml;base64,PHN2ZyB4bWxucz0iaHR0cDovL3d3dy53My5vcmcvMjAwMC9zdmciIHdpZHRoPSI0OCIgaGVpZ2h0PSI0OCIgZmlsbD0iIzAwMDAwMCIgdmlld0JveD0iMCAwIDI1NiAyNTYiPjxwYXRoIGQ9Ik04MCw0MGE0MCw0MCwwLDEsMCw0MCw0MEE0MCw0MCwwLDAsMCw4MCw0MFptMCw2NGEyNCwyNCwwLDEsMSwyNC0yNEEyNCwyNCwwLDAsMSw4MCwxMDRabTk2LDE2YTQwLDQwLDAsMSwwLTQwLTQwQTQwLDQwLDAsMCwwLDE3NiwxMjBabTAtNjRhMjQsMjQsMCwxLDEtMjQsMjRBMjQsMjQsMCwwLDEsMTc2LDU2Wk04MCwxMzZhNDAsNDAsMCwxLDAsNDAsNDBBNDAsNDAsMCwwLDAsODAsMTM2Wm0wLDY0YTI0LDI0LDAsMSwxLDI0LTI0QTI0LDI0LDAsMCwxLDgwLDIwMFptMTM2LTI0YTgsOCwwLDAsMS04LDhIMTg0djI0YTgsOCwwLDAsMS0xNiwwVjE4NEgxNDRhOCw4LDAsMCwxLDAtMTZoMjRWMTQ0YTgsOCwwLDAsMSwxNiwwdjI0aDI0QTgsOCwwLDAsMSwyMTYsMTc2WiI+PC9wYXRoPjwvc3ZnPg==\" alt=\"\" style=\"object-fit:cover\"\/><\/figure>\n\n\n\n<h3 class=\"wp-block-heading\">Minimal \u0130nvaziv Tedaviler<\/h3>\n\n\n\n<p>Do\u011fal g\u00f6r\u00fcn\u00fcme \u00f6nem veren, ki\u015fiye \u00f6zel minimal cerrahi d\u0131\u015f\u0131 estetik \u00e7\u00f6z\u00fcmler sa\u011fl\u0131yoruz.<\/p>\n<\/div>\n<\/div>\n<\/div>\n<\/div>\n<\/div>\n\n<div class=\"wp-block-group alignfull is-style-ext-preset--group--natural-1--section has-tertiary-background-color has-background has-global-padding is-layout-constrained wp-container-core-group-is-layout-e955bbaf wp-block-group-is-layout-constrained\" id=\"ozellikler\" style=\"margin-top:0;margin-bottom:0;padding-top:var(--wp--preset--spacing--70);padding-bottom:var(--wp--preset--spacing--70)\">\n<div class=\"wp-block-group alignwide is-vertical is-content-justification-center is-layout-flex wp-container-core-group-is-layout-c9ee0c5a wp-block-group-is-layout-flex\">\n<div class=\"wp-block-group has-global-padding is-layout-constrained wp-container-core-group-is-layout-5e05634a wp-block-group-is-layout-constrained\">\n<h2 class=\"wp-block-heading has-text-align-center\">Do\u011fal G\u00fczelli\u011finizi Bilimle Bulu\u015fturuyoruz<\/h2>\n\n\n\n<p class=\"has-text-align-center\">Ki\u015fiye \u00f6zel estetik \u00e7\u00f6z\u00fcmlerle do\u011fal ve kal\u0131c\u0131 sonu\u00e7lar elde etmenizi sa\u011fl\u0131yoruz.<\/p>\n<\/div>\n<\/div>\n\n\n\n<div class=\"wp-block-columns alignwide is-layout-flex wp-container-core-columns-is-layout-08c01c1c wp-block-columns-is-layout-flex\">\n<div class=\"wp-block-column is-vertically-aligned-stretch is-layout-flow wp-container-core-column-is-layout-f5bb311e wp-block-column-is-layout-flow\">\n<div class=\"wp-block-group is-style-ext-preset--group--natural-1--item-card-1--align-center has-global-padding is-layout-constrained wp-block-group-is-layout-constrained\">\n<div class=\"wp-block-group is-style-default has-global-padding is-layout-constrained wp-block-group-is-layout-constrained\">\n<figure class=\"wp-block-image aligncenter size-large ext-aspect-landscape extendify-image-import wp-duotone-varpresetduotoneprimary-foreground-4\"><img data-safirlazy=\"true\" src=https:\/\/www.drfazilsengul.com\/en\/wp-content\/themes\/neo\/assets\/images\/noimage.svg data-src=\"data:image\/svg+xml;base64,PHN2ZyB4bWxucz0iaHR0cDovL3d3dy53My5vcmcvMjAwMC9zdmciIHdpZHRoPSI0OCIgaGVpZ2h0PSI0OCIgZmlsbD0iIzAwMDAwMCIgdmlld0JveD0iMCAwIDI1NiAyNTYiPjxwYXRoIGQ9Ik0xNzIsNzZhNDQsNDQsMCwxLDAtNDQsNDRBNDQuMDUsNDQuMDUsMCwwLDAsMTcyLDc2Wm0tNDQsMjhhMjgsMjgsMCwxLDEsMjgtMjhBMjgsMjgsMCwwLDEsMTI4LDEwNFptNjAsMjRhNDQsNDQsMCwxLDAsNDQsNDRBNDQuMDUsNDQuMDUsMCwwLDAsMTg4LDEyOFptMCw3MmEyOCwyOCwwLDEsMSwyOC0yOEEyOCwyOCwwLDAsMSwxODgsMjAwWk02OCwxMjhhNDQsNDQsMCwxLDAsNDQsNDRBNDQuMDUsNDQuMDUsMCwwLDAsNjgsMTI4Wm0wLDcyYTI4LDI4LDAsMSwxLDI4LTI4QTI4LDI4LDAsMCwxLDY4LDIwMFoiPjwvcGF0aD48L3N2Zz4=\" alt=\"\" style=\"object-fit:cover\"\/><\/figure>\n\n\n\n<h3 class=\"wp-block-heading has-text-align-center\">Uzman Doktor Yakla\u015f\u0131m\u0131<\/h3>\n\n\n\n<p class=\"has-text-align-center\">T\u0131bbi estetikte bilimsel y\u00f6ntemlerle g\u00fcvenilir hizmet sunuyoruz.<\/p>\n<\/div>\n<\/div>\n<\/div>\n\n\n\n<div class=\"wp-block-column is-vertically-aligned-stretch is-layout-flow wp-container-core-column-is-layout-f5bb311e wp-block-column-is-layout-flow\">\n<div class=\"wp-block-group is-style-ext-preset--group--natural-1--item-card-1--align-center has-global-padding is-layout-constrained wp-block-group-is-layout-constrained\">\n<div class=\"wp-block-group is-style-default has-global-padding is-layout-constrained wp-block-group-is-layout-constrained\">\n<figure class=\"wp-block-image aligncenter size-large ext-aspect-landscape extendify-image-import wp-duotone-varpresetduotoneprimary-foreground-5\"><img data-safirlazy=\"true\" src=https:\/\/www.drfazilsengul.com\/en\/wp-content\/themes\/neo\/assets\/images\/noimage.svg data-src=\"data:image\/svg+xml;base64,PHN2ZyB4bWxucz0iaHR0cDovL3d3dy53My5vcmcvMjAwMC9zdmciIHdpZHRoPSI0OCIgaGVpZ2h0PSI0OCIgZmlsbD0iIzAwMDAwMCIgdmlld0JveD0iMCAwIDI1NiAyNTYiPjxwYXRoIGQ9Ik04MCw0MGE0MCw0MCwwLDEsMCw0MCw0MEE0MCw0MCwwLDAsMCw4MCw0MFptMCw2NGEyNCwyNCwwLDEsMSwyNC0yNEEyNCwyNCwwLDAsMSw4MCwxMDRabTk2LDE2YTQwLDQwLDAsMSwwLTQwLTQwQTQwLDQwLDAsMCwwLDE3NiwxMjBabTAtNjRhMjQsMjQsMCwxLDEtMjQsMjRBMjQsMjQsMCwwLDEsMTc2LDU2Wk04MCwxMzZhNDAsNDAsMCwxLDAsNDAsNDBBNDAsNDAsMCwwLDAsODAsMTM2Wm0wLDY0YTI0LDI0LDAsMSwxLDI0LTI0QTI0LDI0LDAsMCwxLDgwLDIwMFptOTYtNjRhNDAsNDAsMCwxLDAsNDAsNDBBNDAsNDAsMCwwLDAsMTc2LDEzNlptMCw2NGEyNCwyNCwwLDEsMSwyNC0yNEEyNCwyNCwwLDAsMSwxNzYsMjAwWiI+PC9wYXRoPjwvc3ZnPg==\" alt=\"\" style=\"object-fit:cover\"\/><\/figure>\n\n\n\n<h3 class=\"wp-block-heading has-text-align-center\">Ki\u015fiye \u00d6zel Tedaviler<\/h3>\n\n\n\n<p class=\"has-text-align-center\">Her dan\u0131\u015fan\u0131n ihtiya\u00e7lar\u0131na uygun, tamamen ki\u015fiselle\u015ftirilmi\u015f \u00e7\u00f6z\u00fcmler sa\u011flan\u0131r.<\/p>\n<\/div>\n<\/div>\n<\/div>\n\n\n\n<div class=\"wp-block-column is-vertically-aligned-stretch is-layout-flow wp-container-core-column-is-layout-f5bb311e wp-block-column-is-layout-flow\">\n<div class=\"wp-block-group is-style-ext-preset--group--natural-1--item-card-1--align-center has-global-padding is-layout-constrained wp-block-group-is-layout-constrained\">\n<div class=\"wp-block-group is-style-default has-global-padding is-layout-constrained wp-block-group-is-layout-constrained\">\n<figure class=\"wp-block-image aligncenter size-large ext-aspect-landscape extendify-image-import wp-duotone-varpresetduotoneprimary-foreground-6\"><img data-safirlazy=\"true\" src=https:\/\/www.drfazilsengul.com\/en\/wp-content\/themes\/neo\/assets\/images\/noimage.svg data-src=\"data:image\/svg+xml;base64,PHN2ZyB4bWxucz0iaHR0cDovL3d3dy53My5vcmcvMjAwMC9zdmciIHdpZHRoPSI0OCIgaGVpZ2h0PSI0OCIgZmlsbD0iIzAwMDAwMCIgdmlld0JveD0iMCAwIDI1NiAyNTYiPjxwYXRoIGQ9Ik04MCw0MGE0MCw0MCwwLDEsMCw0MCw0MEE0MCw0MCwwLDAsMCw4MCw0MFptMCw2NGEyNCwyNCwwLDEsMSwyNC0yNEEyNCwyNCwwLDAsMSw4MCwxMDRabTk2LDE2YTQwLDQwLDAsMSwwLTQwLTQwQTQwLDQwLDAsMCwwLDE3NiwxMjBabTAtNjRhMjQsMjQsMCwxLDEtMjQsMjRBMjQsMjQsMCwwLDEsMTc2LDU2Wk04MCwxMzZhNDAsNDAsMCwxLDAsNDAsNDBBNDAsNDAsMCwwLDAsODAsMTM2Wm0wLDY0YTI0LDI0LDAsMSwxLDI0LTI0QTI0LDI0LDAsMCwxLDgwLDIwMFptMTM2LTI0YTgsOCwwLDAsMS04LDhIMTg0djI0YTgsOCwwLDAsMS0xNiwwVjE4NEgxNDRhOCw4LDAsMCwxLDAtMTZoMjRWMTQ0YTgsOCwwLDAsMSwxNiwwdjI0aDI0QTgsOCwwLDAsMSwyMTYsMTc2WiI+PC9wYXRoPjwvc3ZnPg==\" alt=\"\" style=\"object-fit:cover\"\/><\/figure>\n\n\n\n<h3 class=\"wp-block-heading has-text-align-center\">Do\u011fal ve Estetik Sonu\u00e7lar<\/h3>\n\n\n\n<p class=\"has-text-align-center\">Tedavilerimizde do\u011fal g\u00f6r\u00fcn\u00fcm\u00fc \u00f6n planda tutarak estetik dengeyi g\u00f6zetiyoruz.<\/p>\n<\/div>\n<\/div>\n<\/div>\n<\/div>\n<\/div>\n\n<div class=\"wp-block-group alignfull is-style-ext-preset--group--natural-1--section has-background-background-color has-background has-global-padding is-layout-constrained wp-container-core-group-is-layout-ab56ae29 wp-block-group-is-layout-constrained\" id=\"hemen-rezervasyon\" style=\"margin-top:0;margin-bottom:0;padding-top:var(--wp--preset--spacing--70);padding-bottom:var(--wp--preset--spacing--70)\">\n<div class=\"wp-block-group alignwide is-vertical is-content-justification-center is-layout-flex wp-container-core-group-is-layout-c9ee0c5a wp-block-group-is-layout-flex\">\n<div class=\"wp-block-group has-global-padding is-layout-constrained wp-container-core-group-is-layout-dd32767c wp-block-group-is-layout-constrained\">\n<h2 class=\"wp-block-heading has-text-align-center\">Ki\u015fiye \u00d6zel Bilimsel Estetik Yakla\u015f\u0131mlar<\/h2>\n\n\n\n<p class=\"has-text-align-center\">H\u0131zl\u0131 ve etkili randevu i\u00e7in gerekli ad\u0131mlar\u0131, ki\u015fiye \u00f6zel tedavi se\u00e7enekleriyle birlikte sunar.<\/p>\n<\/div>\n<\/div>\n\n\n\n<div class=\"wp-block-group alignwide has-global-padding is-layout-constrained wp-block-group-is-layout-constrained\">\n<div class=\"wp-block-simplybook-widget\"><\/div>\n<\/div>\n<\/div>\n\n<div class=\"wp-block-group alignfull is-style-ext-preset--group--natural-1--section has-tertiary-background-color has-background has-global-padding is-layout-constrained wp-block-group-is-layout-constrained\" id=\"iletisim\" style=\"margin-top:0;margin-bottom:0;padding-top:var(--wp--preset--spacing--70);padding-bottom:var(--wp--preset--spacing--70)\">\n<div class=\"wp-block-media-text alignwide is-stacked-on-mobile is-image-fill-element extendify-image-import is-style-ext-preset--media-text--natural-1--card-1 has-background-background-color has-background\" style=\"grid-template-columns:48% auto\"><figure class=\"wp-block-media-text__media\"><img decoding=\"async\" src=\"https:\/\/images.unsplash.com\/photo-1689442529342-3f1c7513d9ae?fit=crop&amp;crop=entropy%2Cfaces&amp;auto=format%2Ccompress&amp;w=1280\" alt=\"\" style=\"object-position:50% 50%\"\/><\/figure><div class=\"wp-block-media-text__content\">\n<div class=\"wp-block-group alignwide has-global-padding is-layout-constrained wp-container-core-group-is-layout-48493932 wp-block-group-is-layout-constrained\" style=\"padding-top:var(--wp--preset--spacing--55);padding-right:var(--wp--preset--spacing--55);padding-bottom:var(--wp--preset--spacing--55);padding-left:var(--wp--preset--spacing--55)\"><\/div>\n<\/div><\/div>\n<\/div>\n","protected":false},"excerpt":{"rendered":"<p>Bilimsel Yakla\u015f\u0131mla Do\u011fal Estetik Dr. Faz\u0131l \u015eENG\u00dcL, t\u0131bbi estetikte ki\u015fiye \u00f6zel \u00e7\u00f6z\u00fcmler sunar. Do\u011fal sonu\u00e7lar ve bilimsel y\u00f6ntemlerle, g\u00fcvenilir ve etkili tedavilerle fark yarat\u0131r. T\u0131bbi estetikte ki\u015fiye \u00f6zel \u00e7\u00f6z\u00fcmler Dr. Faz\u0131l \u015eENG\u00dcL, bilimsel ve do\u011fal sonu\u00e7 odakl\u0131 estetik hizmetlerle, her hastan\u0131n ihtiya\u00e7lar\u0131na \u00f6zel \u00e7\u00f6z\u00fcmler sunmay\u0131 ama\u00e7lar. Hedefimiz, sa\u011fl\u0131kl\u0131 ve estetik g\u00f6r\u00fcn\u00fcm\u00fc bir arada sunmakt\u0131r. Bilimsel [&hellip;]<\/p>\n","protected":false},"author":1,"featured_media":0,"parent":0,"menu_order":0,"comment_status":"closed","ping_status":"closed","template":"no-title","meta":{"_monsterinsights_skip_tracking":false,"_monsterinsights_sitenote_active":false,"_monsterinsights_sitenote_note":"","_monsterinsights_sitenote_category":0,"fiyat":"","metin":"","footnotes":""},"class_list":["post-31","page","type-page","status-publish","hentry"],"aioseo_notices":[],"_links":{"self":[{"href":"https:\/\/www.drfazilsengul.com\/en\/wp-json\/wp\/v2\/pages\/31","targetHints":{"allow":["GET"]}}],"collection":[{"href":"https:\/\/www.drfazilsengul.com\/en\/wp-json\/wp\/v2\/pages"}],"about":[{"href":"https:\/\/www.drfazilsengul.com\/en\/wp-json\/wp\/v2\/types\/page"}],"author":[{"embeddable":true,"href":"https:\/\/www.drfazilsengul.com\/en\/wp-json\/wp\/v2\/users\/1"}],"replies":[{"embeddable":true,"href":"https:\/\/www.drfazilsengul.com\/en\/wp-json\/wp\/v2\/comments?post=31"}],"version-history":[{"count":1,"href":"https:\/\/www.drfazilsengul.com\/en\/wp-json\/wp\/v2\/pages\/31\/revisions"}],"predecessor-version":[{"id":34,"href":"https:\/\/www.drfazilsengul.com\/en\/wp-json\/wp\/v2\/pages\/31\/revisions\/34"}],"wp:attachment":[{"href":"https:\/\/www.drfazilsengul.com\/en\/wp-json\/wp\/v2\/media?parent=31"}],"curies":[{"name":"wp","href":"https:\/\/api.w.org\/{rel}","templated":true}]}}